{"id":12,"date":"2021-04-15T02:57:34","date_gmt":"2021-04-15T02:57:34","guid":{"rendered":"https:\/\/canoe.moxiworks.com\/franchisesales\/team-free-home-valuation"},"modified":"2023-05-26T10:38:13","modified_gmt":"2023-05-26T17:38:13","slug":"marketing","status":"publish","type":"page","link":"http:\/\/century21franchise.ca\/fr-ca\/marketing","title":{"rendered":"Marketing"},"content":{"rendered":"\n<h1>\n\t\tMARKETING\n\t<\/h1>\n\tNouvelle marque,<br \/>\nnouvelle attitude et bien plus!\n<h2>\n\t\tMat\u00e9riel marketing hors pair \n\t<\/h2>\n\t<h3>Nous vous fournissons tout le mat\u00e9riel marketing dont vous avez besoin pour r\u00e9ussir!<\/h3>\n<h2>\n\t\tAvez-vous remarqu\u00e9 quelque chose de diff\u00e9rent?\n\t<\/h2>\n\t<h3>Nous avons chang\u00e9 et sommes fiers d&#8217;afficher notre nouvelle identit\u00e9!<\/h3>\n\t<p>Fini les vestons dor\u00e9s et le vieux logo &#8211; nous avons une allure et une marque flambant neuves.<\/p>\n<p>L&#8217;innovation, le changement et l&#8217;\u00e9volution perp\u00e9tuelle sont au c\u0153ur de notre philosophie.<\/p>\n<p>Nous ne sommes pas la r\u00e9f\u00e9rence absolue en immobilier pour rien; nous avons toujours \u00e9t\u00e9 \u00e0 la fine pointe de l&#8217;innovation dans le domaine.<\/p>\n<h2>\n\t\tSites Web personnalisables\n\t<\/h2>\n\t<p>D\u00e9veloppez votre entreprise, rehaussez votre marque et attirez des clients potentiels gr\u00e2ce aux sites Web de C21 optimis\u00e9s par MoxiWorks. Le constructeur de sites Web, facile \u00e0 utiliser, vous permet de personnaliser votre site \u00e0 l&#8217;aide de diff\u00e9rents mod\u00e8les. De plus, vous disposez d&#8217;un blogue aliment\u00e9 par WordPress, d&#8217;un syst\u00e8me de capture de clients potentiels connect\u00e9 \u00e0 votre logiciel de gestion de la client\u00e8le et de donn\u00e9es d&#8217;inscription actualis\u00e9es provenant de votre service MLS<sup>\u00ae<\/sup>.<\/p>\n<h2>\n\t\tCentre de marketing\n\t<\/h2>\n\t<p>Connect\u00e9 au service MLS, le mat\u00e9riel de marketing est automatiquement cr\u00e9\u00e9 pour vous et envoy\u00e9 dans votre bo\u00eete de r\u00e9ception. Ainsi, vous gagnez du temps et mettez les propri\u00e9t\u00e9s de vos clients sur le march\u00e9 plus rapidement. Le mat\u00e9riel promotionnel comprend entre autres, ce qui suit\u00a0:<\/p>\n\t\t\t\t<img decoding=\"async\" src=\"https:\/\/century21franchise.ca\/files\/2022\/05\/BAY_Mock-e1540445649948-903x1024-1.jpg\" alt=\"BAY_Mock-e1540445649948-903x1024-1\" itemprop=\"image\" height=\"1024\" width=\"903\" title=\"BAY_Mock-e1540445649948-903x1024-1\" onerror=\"this.style.display='none'\"  \/>\n<h2>\n\t\tM\u00e9dias sociaux\n\t<\/h2>\n\t<p>Il existe des centaines de mod\u00e8les pour vos brochures et courriels, le tout comprenant l&#8217;identit\u00e9 de la marque et int\u00e9gr\u00e9 aux services REALTORS<sup>\u00ae<\/sup>,\u00a0MLS<sup>\u00ae<\/sup> et de gestion de la client\u00e8le. Le mat\u00e9riel promotionnel comprend, entre autres, ce qui suit\u00a0:<\/p>\n\t\t\t\t<img decoding=\"async\" src=\"https:\/\/century21franchise.ca\/files\/2023\/05\/Geneva-Tetreault.png\" alt=\"Geneva Tetreault\" itemprop=\"image\" height=\"1024\" width=\"994\" title=\"Geneva Tetreault\" onerror=\"this.style.display='none'\"  \/>\n\t<p>\u00ab\u2009Nous ne sommes pas tous des concepteurs Web ou des sp\u00e9cialistes de la technologie. C&#8217;est g\u00e9nial que les courtiers immobiliers aient un acc\u00e8s \u00e0 des outils publicitaires facilement personnalisables en quelques clics. Rien de plus facile pour promouvoir leur entreprise.\u2009\u00bb<\/p>\n\t<h3>Geneva Tetreault | Propri\u00e9taire<\/h3>\n\t<h4>CENTURY 21 Masters Realty | Edmonton (Alberta)<\/h4>\n\t\t\t<a href=\"https:\/\/franchisesales.c21.ca\/fr-ca\/evenements-et-industrie\" target=\"_self\" role=\"button\" rel=\"noopener\">\n\t\t\t\t\t\t\tSUIVANT : \u00c9V\u00c9NEMENTS\n\t\t\t\t\t<\/a>\n<h2>\n\t\tPOURQUOI CHOISIR C21?\n\t<\/h2>\n<h2>\n\t\tJoignez-vous \u00e0\n\t<\/h2>\n<h2>\n\t\tnous et visez l&#8217;or.\n\t<\/h2>\n\t<h3>Communiquez avec l&#8217;un de nos repr\u00e9sentants du service aux franchises aujourd&#8217;hui.<\/h3>\n\t\t\t<a href=\"https:\/\/franchisesales.c21.ca\/fr-ca\/parlons-en\" target=\"_self\" role=\"button\" rel=\"noopener\">\n\t\t\t\t\t\t\tCOMMENCER\n\t\t\t\t\t<\/a>\n<h2>\n\t\tJoignez-vous \u00e0 nous et visez l&#8217;or.\n\t<\/h2>\n\t<h3>Communiquez avec l&#8217;un de nos repr\u00e9sentants du service aux franchises aujourd&#8217;hui.<\/h3>\n\t\t\t<a href=\"http:\/\/franchisesales.c21.ca\/letstalk\" target=\"_self\" role=\"button\" rel=\"noopener\">\n\t\t\t\t\t\t\tCOMMENCER\n\t\t\t\t\t<\/a>\n\n","protected":false},"excerpt":{"rendered":"<p>MARKETING Nouvelle marque, nouvelle attitude et bien plus! Mat\u00e9riel marketing hors pair Nous vous fournissons tout le mat\u00e9riel marketing dont vous avez besoin pour r\u00e9ussir! Avez-vous remarqu\u00e9 quelque chose de diff\u00e9rent? Nous avons chang\u00e9 et sommes fiers d&#8217;afficher notre nouvelle identit\u00e9! Fini les vestons dor\u00e9s et le vieux logo &#8211; nous avons une allure et [&hellip;]<\/p>\n","protected":false},"author":77,"featured_media":2146,"parent":0,"menu_order":0,"comment_status":"closed","ping_status":"closed","template":"","meta":{"footnotes":""},"class_list":["post-12","page","type-page","status-publish","has-post-thumbnail","hentry"],"_links":{"self":[{"href":"http:\/\/century21franchise.ca\/fr-ca\/wp-json\/wp\/v2\/pages\/12","targetHints":{"allow":["GET"]}}],"collection":[{"href":"http:\/\/century21franchise.ca\/fr-ca\/wp-json\/wp\/v2\/pages"}],"about":[{"href":"http:\/\/century21franchise.ca\/fr-ca\/wp-json\/wp\/v2\/types\/page"}],"author":[{"embeddable":true,"href":"http:\/\/century21franchise.ca\/fr-ca\/wp-json\/wp\/v2\/users\/77"}],"replies":[{"embeddable":true,"href":"http:\/\/century21franchise.ca\/fr-ca\/wp-json\/wp\/v2\/comments?post=12"}],"version-history":[{"count":15,"href":"http:\/\/century21franchise.ca\/fr-ca\/wp-json\/wp\/v2\/pages\/12\/revisions"}],"predecessor-version":[{"id":994,"href":"http:\/\/century21franchise.ca\/fr-ca\/wp-json\/wp\/v2\/pages\/12\/revisions\/994"}],"wp:featuredmedia":[{"embeddable":true,"href":"http:\/\/century21franchise.ca\/fr-ca\/wp-json\/"}],"wp:attachment":[{"href":"http:\/\/century21franchise.ca\/fr-ca\/wp-json\/wp\/v2\/media?parent=12"}],"curies":[{"name":"wp","href":"https:\/\/api.w.org\/{rel}","templated":true}]}}