{"id":14,"date":"2021-04-14T04:21:09","date_gmt":"2021-04-14T04:21:09","guid":{"rendered":"https:\/\/canoe.moxiworks.com\/franchisesales\/team-about-us"},"modified":"2023-05-26T10:44:42","modified_gmt":"2023-05-26T17:44:42","slug":"a-propos-de-nous","status":"publish","type":"page","link":"http:\/\/century21franchise.ca\/fr-ca\/a-propos-de-nous","title":{"rendered":"\u00c0 propos de nous"},"content":{"rendered":"\n\n<h1>\n\t\t\u00c0 PROPOS DE C21 CANADA\n\t<\/h1>\n\t<p>Nous sommes les pionniers de l&#8217;immobilier canadien et continuons \u00e0 d\u00e9finir l&#8217;industrie et \u00e0 viser l&#8217;or.<\/p>\n<h1>\n\t\t\u00c0 PROPOS DE C21 CANADA\n\t<\/h1>\n\t<p>Nous sommes les pionniers de l&#8217;immobilier canadien et continuons \u00e0 d\u00e9finir l&#8217;industrie et \u00e0 viser l&#8217;or.<\/p>\n\t<p>NOTRE MISSION\u00a0:<\/p>\n<h2>\n\t\t\u00ab\u2009Chez Century 21, notre mission est de viser l&#8217;or en offrant le meilleur service du secteur immobilier canadien. Nous relevons la barre tous les jours et nous sommes la r\u00e9f\u00e9rence de l&#8217;industrie, sans aucun doute.\u2009\u00bb \n\t<\/h2>\n\t<p>Martin Charlwood, vice-pr\u00e9sident et chef de la direction, CENTURY\u00a021\u00a0Canada<\/p>\n\t\t\t\t<img decoding=\"async\" src=\"https:\/\/www.c21.ca\/files\/2021\/06\/03_About-C21_lapel-1.png\" alt=\"03_About-C21_lapel-1\" itemprop=\"image\" height=\"474\" width=\"464\" title=\"03_About-C21_lapel-1\" onerror=\"this.style.display='none'\"  \/>\n\t<p>NOTRE MISSION\u00a0:<\/p>\n<h2>\n\t\t\u00ab\u2009Chez Century 21, notre mission est de viser l&#8217;or en offrant le meilleur service du secteur immobilier canadien. Nous relevons la barre tous les jours et nous sommes la r\u00e9f\u00e9rence de l&#8217;industrie, sans aucun doute.\u2009\u00bb \n\t<\/h2>\n\t<p>Martin Charlwood, vice-pr\u00e9sident et chef de la direction, CENTURY\u00a021\u00a0Canada<\/p>\n\t\t\t\t<img decoding=\"async\" src=\"https:\/\/www.c21.ca\/files\/2021\/06\/03_About-C21_lapel-1.png\" alt=\"\" itemprop=\"image\" onerror=\"this.style.display='none'\"  \/>\n\t\t<!-- Comment to fix spacing issue\n\t-->\n\t\t<h2>0<\/h2>pays\n\t<!-- Comment to fix spacing issue\n\t-->\t\n\t\t<!-- Comment to fix spacing issue\n\t-->\n\t\t<h2>0<\/h2>agences dans le monde\n\t<!-- Comment to fix spacing issue\n\t-->\t\n\t\t<!-- Comment to fix spacing issue\n\t-->\n\t\t<h2>0<\/h2>membres du r\u00e9seau au Canada\n\t<!-- Comment to fix spacing issue\n\t-->\t\n<h1>\n\t\tNotre vision\n\t<\/h1>\n\t<p>\u00catre la marque immobili\u00e8re la plus pris\u00e9e du monde.<\/p>\n\t\t\t\t<img decoding=\"async\" src=\"https:\/\/www.c21.ca\/files\/2021\/06\/03_About_mapfad011-1024x894_allpins.png\" alt=\"03_About_mapfad011-1024x894_allpins\" title=\"03_About_mapfad011-1024x894_allpins\" itemprop=\"image\"  \/>\n<h2>\n\t\tLE POUVOIR DE NOTRE R\u00c9SEAU DE R\u00c9F\u00c9RENCE\n\t<\/h2>\n<h2>\n\t\tPOURQUOI CHOISIR C21?\n\t<\/h2>\n<h2>\n\t\tJoignez-vous \u00e0\n\t<\/h2>\n<h2>\n\t\tnous et visez l&#8217;or.\n\t<\/h2>\n\t<h3>Communiquez avec l&#8217;un de nos repr\u00e9sentants du service aux franchises aujourd&#8217;hui.<\/h3>\n\t\t\t<a href=\"https:\/\/franchisesales.c21.ca\/fr-ca\/parlons-en\" target=\"_self\" role=\"button\" rel=\"noopener\">\n\t\t\t\t\t\t\tCOMMENCER\n\t\t\t\t\t<\/a>\n<h2>\n\t\tJoignez-vous \u00e0 nous et visez l&#8217;or.\n\t<\/h2>\n\t<h3>Communiquez avec l&#8217;un de nos repr\u00e9sentants du service aux franchises aujourd&#8217;hui.<\/h3>\n\t\t\t<a href=\"http:\/\/franchisesales.c21.ca\/letstalk\" target=\"_self\" role=\"button\" rel=\"noopener\">\n\t\t\t\t\t\t\tCOMMENCER\n\t\t\t\t\t<\/a>\n\n","protected":false},"excerpt":{"rendered":"<p>\u00c0 PROPOS DE C21 CANADA Nous sommes les pionniers de l&#8217;immobilier canadien et continuons \u00e0 d\u00e9finir l&#8217;industrie et \u00e0 viser l&#8217;or. \u00c0 PROPOS DE C21 CANADA Nous sommes les pionniers de l&#8217;immobilier canadien et continuons \u00e0 d\u00e9finir l&#8217;industrie et \u00e0 viser l&#8217;or. NOTRE MISSION\u00a0: \u00ab\u2009Chez Century 21, notre mission est de viser l&#8217;or en offrant [&hellip;]<\/p>\n","protected":false},"author":77,"featured_media":0,"parent":0,"menu_order":0,"comment_status":"closed","ping_status":"closed","template":"","meta":{"footnotes":""},"class_list":["post-14","page","type-page","status-publish","hentry"],"_links":{"self":[{"href":"http:\/\/century21franchise.ca\/fr-ca\/wp-json\/wp\/v2\/pages\/14","targetHints":{"allow":["GET"]}}],"collection":[{"href":"http:\/\/century21franchise.ca\/fr-ca\/wp-json\/wp\/v2\/pages"}],"about":[{"href":"http:\/\/century21franchise.ca\/fr-ca\/wp-json\/wp\/v2\/types\/page"}],"author":[{"embeddable":true,"href":"http:\/\/century21franchise.ca\/fr-ca\/wp-json\/wp\/v2\/users\/77"}],"replies":[{"embeddable":true,"href":"http:\/\/century21franchise.ca\/fr-ca\/wp-json\/wp\/v2\/comments?post=14"}],"version-history":[{"count":10,"href":"http:\/\/century21franchise.ca\/fr-ca\/wp-json\/wp\/v2\/pages\/14\/revisions"}],"predecessor-version":[{"id":996,"href":"http:\/\/century21franchise.ca\/fr-ca\/wp-json\/wp\/v2\/pages\/14\/revisions\/996"}],"wp:attachment":[{"href":"http:\/\/century21franchise.ca\/fr-ca\/wp-json\/wp\/v2\/media?parent=14"}],"curies":[{"name":"wp","href":"https:\/\/api.w.org\/{rel}","templated":true}]}}