{"id":4,"date":"2021-04-06T18:08:21","date_gmt":"2021-04-06T22:08:21","guid":{"rendered":"https:\/\/canoe.moxiworks.com\/franchisesales\/team-home"},"modified":"2023-05-26T10:32:46","modified_gmt":"2023-05-26T17:32:46","slug":"team-home","status":"publish","type":"page","link":"http:\/\/century21franchise.ca\/fr-ca","title":{"rendered":"Accueil"},"content":{"rendered":"\n\n<h3>\n\t\tVous voulez viser\n\t\tl&#8217;or dans l&#8217;immobilier?\n\t\t\tJoignez-vous \u00e0 nous.\n\t\t\t<\/h3>\t\n\t<h2><!--\n\t--><!--\t--><!--\n\t-->\n\t<\/h2>\n\t\t\t<a href=\"https:\/\/franchisesales.c21.ca\/fr-ca\/pourquoi-choisir-c21\" target=\"_self\" role=\"button\" rel=\"noopener\">\n\t\t\t\t\t\t\tD\u00c9COUVREZ C21\n\t\t\t\t\t<\/a>\n<h3>\n\t\tVous voulez viser\n\t\tl&#8217;or dans l&#8217;immobilier?\n\t\t\tJoignez-vous \u00e0 nous.\n\t\t\t<\/h3>\t\n\tLe changement commence<br \/>\npar vous\n\t\t\t<a href=\"https:\/\/franchisesales.c21.ca\/fr-ca\/pourquoi-choisir-c21\" target=\"_self\" role=\"button\" rel=\"noopener\">\n\t\t\t\t\t\t\tD\u00c9COUVREZ C21\n\t\t\t\t\t<\/a>\n\t\t\t<h3>POURQUOI CHOISIR C21?<\/h3>\t\t\t\n\t\t\t\t<p>Nous avons tout le kit\u00a0: perspicacit\u00e9, motivation, exp\u00e9rience internationale et savoir-faire technologique <br \/>(nous avons un petit faible pour la techno, avouons-le).<\/p>\n\t\t\t<a href=\"https:\/\/franchisesales.c21.ca\/fr-ca\/pourquoi-choisir-c21\" target=\"_self\" role=\"button\" rel=\"noopener\">\n\t\t\t\t\t\t\tEn savoir plus\n\t\t<\/a>\n\t\t\t<h3>NOS GENS<\/h3>\t\t\t\n\t\t\t\t<p>Le secret de notre succ\u00e8s? <br \/>C&#8217;est simple &#8211; ce sont nos gens!<br \/>Le charme de C21 se fait sentir aux quatre coins du pays.<\/p>\n\t\t\t<a href=\"https:\/\/franchisesales.c21.ca\/fr-ca\/nos-gens\" target=\"_self\" role=\"button\" rel=\"noopener\">\n\t\t\t\t\t\t\tEn savoir plus\n\t\t<\/a>\n\t\t\t<h3>\u00c0 PROPOS DE C21<\/h3>\t\t\t\n\t\t\t\t<p>Le secret le mieux gard\u00e9 de l&#8217;immobilier est enfin d\u00e9voil\u00e9 et tout le monde en parle. Venez d\u00e9couvrir ce qui fait tant jaser.<\/p>\n\t\t\t<a href=\"https:\/\/franchisesales.c21.ca\/fr-ca\/a-propos-de-nous\" target=\"_self\" role=\"button\" rel=\"noopener\">\n\t\t\t\t\t\t\tEn savoir plus\n\t\t<\/a>\n<h2>\n\t\tQUI SOMMES-NOUS?\n\t<\/h2>\n\t<p>D\u00e9couvrez pourquoi CENTURY\u00a021<sup>MC <\/sup>est l&#8217;une des marques immobili\u00e8res les plus importantes au monde. Pendant plus de 45\u00a0ans, nous avons \u00e9t\u00e9 la r\u00e9f\u00e9rence par excellence dans le secteur de l&#8217;immobilier canadien. Nous sommes reconnus dans les domaines de l&#8217;entrepreneuriat, du marketing, de la technologie et de l&#8217;\u00e9ducation des propri\u00e9taires d&#8217;habitations.<\/p>\n\t\t\t<a href=\"https:\/\/franchisesales.c21.ca\/fr-ca\/parlons-en\" target=\"_self\" role=\"button\" rel=\"noopener\">\n\t\t\t\t\t\t\tCOMMENCER\n\t\t\t\t\t<\/a>\n<h2>\n\t\tCE QUE NOUS OFFRONS\n\t<\/h2>\n<h2>\n\t\tQUI SOMMES-NOUS?\n\t<\/h2>\n\t<p>D\u00e9couvrez pourquoi CENTURY\u00a021<sup>MC <\/sup>est l&#8217;une des marques immobili\u00e8res les plus importantes au monde. Pendant plus de 45\u00a0ans, nous avons \u00e9t\u00e9 la r\u00e9f\u00e9rence par excellence dans le secteur de l&#8217;immobilier canadien. Nous sommes reconnus dans les domaines de l&#8217;entrepreneuriat, du marketing, de la technologie et de l&#8217;\u00e9ducation des propri\u00e9taires d&#8217;habitations.<\/p>\n\t\t\t<a href=\"https:\/\/franchisesales.c21.ca\/fr-ca\/parlons-en\" target=\"_self\" role=\"button\" rel=\"noopener\">\n\t\t\t\t\t\t\tCOMMENCER\n\t\t\t\t\t<\/a>\n<h2>\n\t\tCE QUE NOUS OFFRONS\n\t<\/h2>\n\t\t\t\t<img decoding=\"async\" src=\"https:\/\/www.c21.ca\/files\/2021\/06\/Testimonial-_Stephen_01a.png\" alt=\"Testimonial-_Stephen_01a\" itemprop=\"image\" height=\"1281\" width=\"1543\" title=\"Testimonial-_Stephen_01a\" onerror=\"this.style.display='none'\"  \/>\n\t<p>\u00ab\u2009CENTURY\u00a021 me fournit tous les outils et toute la formation dont j&#8217;ai besoin pour r\u00e9ussir dans mes efforts de recrutement. Ce soutien, alli\u00e9 \u00e0 ma d\u00e9termination de r\u00e9ussir, m&#8217;a aid\u00e9 \u00e0 passer de 2 \u00e0 plus de 480\u00a0courtiers immobiliers.\u2009\u00bb<\/p>\n\t<strong>Stephen Chow <\/strong>| <strong>Propri\u00e9taire<\/strong><br \/>\nCENTURY 21 Atria Realty Inc. | Toronto (Ontario)\n\t\t\t\t<img decoding=\"async\" src=\"https:\/\/www.c21.ca\/files\/2021\/06\/Testimonial-_Stephen_01a.png\" alt=\"\" itemprop=\"image\" onerror=\"this.style.display='none'\"  \/>\n\t<p>\u00ab\u2009CENTURY\u00a021 me fournit tous les outils et toute la formation dont j&#8217;ai besoin pour r\u00e9ussir dans mes efforts de recrutement. Ce soutien, alli\u00e9 \u00e0 ma d\u00e9termination de r\u00e9ussir, m&#8217;a aid\u00e9 \u00e0 passer de 2 \u00e0 plus de 480\u00a0courtiers immobiliers.\u2009\u00bb<\/p>\n\t<strong>Stephen Chow <\/strong>| <strong>Propri\u00e9taire<\/strong><br \/>\nCENTURY 21 Atria Realty Inc. | Toronto (Ontario)\n<h2>\n\t\tLe monde est \u00e0 vous.\n\t<\/h2>\n\t<p>Profitez des milliers de clients potentiels annuels issus de Century21Global.com, un site Web \u00e0 port\u00e9e internationale, offert dans 36 pays et en 19 langues.<\/p>\n<h2>\n\t\tPOURQUOI CHOISIR C21?\n\t<\/h2>\n<h2>\n\t\tJoignez-vous \u00e0\n\t<\/h2>\n<h2>\n\t\tnous et visez l&#8217;or.\n\t<\/h2>\n\t<h3>Communiquez avec l&#8217;un de nos repr\u00e9sentants du service aux franchises aujourd&#8217;hui.<\/h3>\n\t\t\t<a href=\"https:\/\/franchisesales.c21.ca\/fr-ca\/parlons-en\" target=\"_self\" role=\"button\" rel=\"noopener\">\n\t\t\t\t\t\t\tCOMMENCER\n\t\t\t\t\t<\/a>\n\n","protected":false},"excerpt":{"rendered":"<p>Vous voulez viser l&#8217;or dans l&#8217;immobilier? Joignez-vous \u00e0 nous. D\u00c9COUVREZ C21 Vous voulez viser l&#8217;or dans l&#8217;immobilier? Joignez-vous \u00e0 nous. Le changement commence par vous D\u00c9COUVREZ C21 POURQUOI CHOISIR C21? Nous avons tout le kit\u00a0: perspicacit\u00e9, motivation, exp\u00e9rience internationale et savoir-faire technologique (nous avons un petit faible pour la techno, avouons-le). En savoir plus NOS [&hellip;]<\/p>\n","protected":false},"author":77,"featured_media":0,"parent":0,"menu_order":0,"comment_status":"closed","ping_status":"closed","template":"","meta":{"footnotes":""},"class_list":["post-4","page","type-page","status-publish","hentry"],"_links":{"self":[{"href":"http:\/\/century21franchise.ca\/fr-ca\/wp-json\/wp\/v2\/pages\/4","targetHints":{"allow":["GET"]}}],"collection":[{"href":"http:\/\/century21franchise.ca\/fr-ca\/wp-json\/wp\/v2\/pages"}],"about":[{"href":"http:\/\/century21franchise.ca\/fr-ca\/wp-json\/wp\/v2\/types\/page"}],"author":[{"embeddable":true,"href":"http:\/\/century21franchise.ca\/fr-ca\/wp-json\/wp\/v2\/users\/77"}],"replies":[{"embeddable":true,"href":"http:\/\/century21franchise.ca\/fr-ca\/wp-json\/wp\/v2\/comments?post=4"}],"version-history":[{"count":15,"href":"http:\/\/century21franchise.ca\/fr-ca\/wp-json\/wp\/v2\/pages\/4\/revisions"}],"predecessor-version":[{"id":991,"href":"http:\/\/century21franchise.ca\/fr-ca\/wp-json\/wp\/v2\/pages\/4\/revisions\/991"}],"wp:attachment":[{"href":"http:\/\/century21franchise.ca\/fr-ca\/wp-json\/wp\/v2\/media?parent=4"}],"curies":[{"name":"wp","href":"https:\/\/api.w.org\/{rel}","templated":true}]}}