{"id":569,"date":"2022-04-21T09:26:54","date_gmt":"2022-04-21T16:26:54","guid":{"rendered":"https:\/\/franchisesales.c21.ca\/?page_id=569"},"modified":"2023-05-26T10:33:57","modified_gmt":"2023-05-26T17:33:57","slug":"pourquoi-choisir-c21","status":"publish","type":"page","link":"http:\/\/century21franchise.ca\/fr-ca\/pourquoi-choisir-c21","title":{"rendered":"Pourquoi choisir C21?"},"content":{"rendered":"\n<h1>\n\t\tPOURQUOI CHOISIR C21?\n\t<\/h1>\n\t<p>Nous sommes la solution cl\u00e9 en main qui vous permettra de passer \u00e0 la vitesse sup\u00e9rieure.<\/p>\n<h1>\n\t\tPOURQUOI CHOISIR C21?\n\t<\/h1>\n\t<p>Nous sommes la solution cl\u00e9 en main qui vous permettra de passer \u00e0 la vitesse sup\u00e9rieure.<\/p>\n\t\t\t\t<img decoding=\"async\" src=\"\/\/century21franchise.ca\/files\/2021\/06\/Business-Development.jpg\" alt=\"Business Development\" itemprop=\"image\" title=\"Business-Development\" onerror=\"this.style.display='none'\"  \/>\n<h2>\n\t\tD\u00e9veloppement d&#8217;entreprise\n\t<\/h2>\n\t<p>Augmentez votre chiffre d&#8217;affaires \u00e0 l&#8217;aide de nos programmes de recrutement, d\u00e9signations sp\u00e9cialis\u00e9es et acad\u00e9mies de formation.<\/p>\n\t\t\t<a href=\"https:\/\/franchisesales.c21.ca\/fr-ca\/pourquoi-choisir-c21\/developpement-dentreprise-2\" target=\"_self\" role=\"button\" rel=\"noopener\">\n\t\t\t\t\t\t\tEN SAVOIR PLUS \n\t\t\t\t\t<\/a>\n\t\t\t\t<img decoding=\"async\" src=\"https:\/\/century21franchise.ca\/files\/2022\/11\/HUB21_FR_Small.jpg\" alt=\"HUB21_FR_Small\" itemprop=\"image\" height=\"813\" width=\"1024\" title=\"HUB21_FR_Small\" onerror=\"this.style.display='none'\"  \/>\n<h2>\n\t\tPartenariats strat\u00e9giques\n\t<\/h2>\n\t<p>Nous collaborons avec des organisations de premier plan.<\/p>\n\t\t\t<a href=\"https:\/\/franchisesales.c21.ca\/fr-ca\/partenariats-strategiques\" target=\"_self\" role=\"button\" rel=\"noopener\">\n\t\t\t\t\t\t\tEN SAVOIR PLUS \n\t\t\t\t\t<\/a>\n<h2>\n\t\tTechnologie novatrice\n\t<\/h2>\n\t<p>Nous avons un petit faible pour la techno, avouons-le. Nos six plateformes technologiques principales sont toutes int\u00e9gr\u00e9es gr\u00e2ce \u00e0 l&#8217;authentification unique. R\u00e9sultat\u00a0: votre entreprise se verra transform\u00e9e.<\/p>\n\t\t\t<a href=\"https:\/\/franchisesales.c21.ca\/fr-ca\/technologie\" target=\"_self\" role=\"button\" rel=\"noopener\">\n\t\t\t\t\t\t\tEN SAVOIR PLUS\n\t\t\t\t\t<\/a>\n<h2>\n\t\tMarketing\n\t<\/h2>\n\t<p>Avez-vous remarqu\u00e9 quelque chose de diff\u00e9rent? D\u00e9couvrez notre nouvelle image de marque, notre centre de marketing, notre biblioth\u00e8que de m\u00e9dias sociaux et nos sites Web hors pair.<\/p>\n\t\t\t<a href=\"https:\/\/franchisesales.c21.ca\/fr-ca\/marketing\" target=\"_self\" role=\"button\" rel=\"noopener\">\n\t\t\t\t\t\t\tEN SAVOIR PLUS SUR NOTRE CENTRE DE MARKETING\n\t\t\t\t\t<\/a>\n\t\t\t\t<img decoding=\"async\" src=\"\/\/century21franchise.ca\/files\/2021\/06\/Training.png\" alt=\"Training\" itemprop=\"image\" title=\"Training\" onerror=\"this.style.display='none'\"  \/>\n<h2>\n\t\tFormation, coaching et soutien\n\t<\/h2>\n\t<p>Nos programmes de formation et de perfectionnement prim\u00e9s pr\u00e9pareront vos courtiers immobiliers au succ\u00e8s.<\/p>\n\t\t\t<a href=\"https:\/\/franchisesales.c21.ca\/fr-ca\/formation-coaching\" target=\"_self\" role=\"button\" rel=\"noopener\">\n\t\t\t\t\t\t\tEN SAVOIR PLUS\n\t\t\t\t\t<\/a>\n\t\t\t\t<img decoding=\"async\" src=\"\/\/century21franchise.ca\/files\/2021\/06\/02e_events_grid-of-8_2of-8-1.jpeg\" alt=\"OneC21 Event\" itemprop=\"image\" title=\"02e_events_grid-of-8_2of-8-1\" onerror=\"this.style.display='none'\"  \/>\n<h2>\n\t\t\u00c9v\u00e9nements et r\u00e9seautage dans l&#8217;industrie\n\t<\/h2>\n\t\n\t\t<!-- Comment to fix spacing issue\n\t-->\n\t\t<h2>0<\/h2>pays\n\t<!-- Comment to fix spacing issue\n\t-->\t\n\t\t<!-- Comment to fix spacing issue\n\t-->\n\t\t<h2>0<\/h2>agences\n\t<!-- Comment to fix spacing issue\n\t-->\t\n\t\t<!-- Comment to fix spacing issue\n\t-->\n\t\t<h2>0<\/h2>Agents Worldwide\n\t<!-- Comment to fix spacing issue\n\t-->\t\n<h2>\n\t\tPOURQUOI CHOISIR C21?\n\t<\/h2>\n<h2>\n\t\tJoignez-vous \u00e0\n\t<\/h2>\n<h2>\n\t\tnous et visez l&#8217;or.\n\t<\/h2>\n\t<h3>Communiquez avec l&#8217;un de nos repr\u00e9sentants du service aux franchises aujourd&#8217;hui.<\/h3>\n\t\t\t<a href=\"https:\/\/franchisesales.c21.ca\/fr-ca\/parlons-en\" target=\"_self\" role=\"button\" rel=\"noopener\">\n\t\t\t\t\t\t\tCOMMENCER\n\t\t\t\t\t<\/a>\n<h2>\n\t\tJoignez-vous \u00e0 nous et visez l&#8217;or.\n\t<\/h2>\n\t<h3>Communiquez avec l&#8217;un de nos repr\u00e9sentants du service aux franchises aujourd&#8217;hui.<\/h3>\n\t\t\t<a href=\"https:\/\/franchisesales.c21.ca\/fr-ca\/parlons-en\" target=\"_self\" role=\"button\" rel=\"noopener\">\n\t\t\t\t\t\t\tCOMMENCER\n\t\t\t\t\t<\/a>\n\n","protected":false},"excerpt":{"rendered":"<p>POURQUOI CHOISIR C21? Nous sommes la solution cl\u00e9 en main qui vous permettra de passer \u00e0 la vitesse sup\u00e9rieure. POURQUOI CHOISIR C21? Nous sommes la solution cl\u00e9 en main qui vous permettra de passer \u00e0 la vitesse sup\u00e9rieure. D\u00e9veloppement d&#8217;entreprise Augmentez votre chiffre d&#8217;affaires \u00e0 l&#8217;aide de nos programmes de recrutement, d\u00e9signations sp\u00e9cialis\u00e9es et acad\u00e9mies [&hellip;]<\/p>\n","protected":false},"author":15727,"featured_media":0,"parent":0,"menu_order":0,"comment_status":"closed","ping_status":"closed","template":"","meta":{"footnotes":""},"class_list":["post-569","page","type-page","status-publish","hentry"],"_links":{"self":[{"href":"http:\/\/century21franchise.ca\/fr-ca\/wp-json\/wp\/v2\/pages\/569","targetHints":{"allow":["GET"]}}],"collection":[{"href":"http:\/\/century21franchise.ca\/fr-ca\/wp-json\/wp\/v2\/pages"}],"about":[{"href":"http:\/\/century21franchise.ca\/fr-ca\/wp-json\/wp\/v2\/types\/page"}],"author":[{"embeddable":true,"href":"http:\/\/century21franchise.ca\/fr-ca\/wp-json\/wp\/v2\/users\/15727"}],"replies":[{"embeddable":true,"href":"http:\/\/century21franchise.ca\/fr-ca\/wp-json\/wp\/v2\/comments?post=569"}],"version-history":[{"count":11,"href":"http:\/\/century21franchise.ca\/fr-ca\/wp-json\/wp\/v2\/pages\/569\/revisions"}],"predecessor-version":[{"id":992,"href":"http:\/\/century21franchise.ca\/fr-ca\/wp-json\/wp\/v2\/pages\/569\/revisions\/992"}],"wp:attachment":[{"href":"http:\/\/century21franchise.ca\/fr-ca\/wp-json\/wp\/v2\/media?parent=569"}],"curies":[{"name":"wp","href":"https:\/\/api.w.org\/{rel}","templated":true}]}}