{"id":617,"date":"2021-06-15T09:58:06","date_gmt":"2021-06-15T16:58:06","guid":{"rendered":"https:\/\/franchisesales.c21.ca\/events-industry"},"modified":"2022-12-02T10:02:57","modified_gmt":"2022-12-02T18:02:57","slug":"evenements-et-industrie","status":"publish","type":"page","link":"http:\/\/century21franchise.ca\/fr-ca\/evenements-et-industrie","title":{"rendered":"\u00c9v\u00e9nements et industrie"},"content":{"rendered":"\n<h1>\n\t\t\u00c9V\u00c9NEMENTS ET R\u00c9SEAUTAGE DANS L&#8217;INDUSTRIE\n\t<\/h1>\n\t<p>Restez branch\u00e9s, faites du r\u00e9seautage et apprenez des experts de l&#8217;industrie<\/p>\n<h2>\n\t\tConnexions C21\n\t<\/h2>\n\t<h3>Que se passe-t-il lorsque vous r\u00e9unissez la cr\u00e8me de la cr\u00e8me du monde entier? Des choses exceptionnelles!<\/h3>\n\t\t\t\t<img decoding=\"async\" src=\"https:\/\/century21franchise.ca\/files\/2022\/12\/cma16_FR_4.jpg\" alt=\"Canadian Management Academy\" title=\"cma16_FR_4\" itemprop=\"image\"\/>\n\t\t\t<!-- END .front -->\n\t\t\t\t\t\t\t\t\t\t<h3>CANADIAN MANAGEMENT ACADEMY<\/h3>\n\t\t\t\t\t\t<p>Une s\u00e9ance de formation intense d&#8217;une semaine qui fournit aux nouveaux courtiers, propri\u00e9taires et dirigeants les outils dont ils ont besoin pour g\u00e9rer une agence rentable.<\/p>\t\t\t\t\t\n\t\t\t<!-- END .back -->\n\t\t <!-- ifb-flip-box -->\n\t <!-- flip-box -->\n\t\t\t\t<img decoding=\"async\" src=\"https:\/\/www.c21.ca\/files\/2021\/06\/02e_events_grid-of-8_3-of-8-1-1024x606-2.jpeg\" alt=\"\" title=\"\" itemprop=\"image\"\/>\n\t\t\t<!-- END .front -->\n\t\t\t\t\t\t\t\t\t\t<h3>ONE21<\/h3>\n\t\t\t\t\t\t<p>Au congr\u00e8s mondial\u00a0One21 vous aurez l&#8217;occasion de faire du r\u00e9seautage avec des courtiers et des dirigeants du monde entier. C&#8217;est bien plus qu&#8217;un congr\u00e8s!<\/p>\t\t\t\t\t\n\t\t\t<!-- END .back -->\n\t\t <!-- ifb-flip-box -->\n\t <!-- flip-box -->\n\t\t\t\t<img decoding=\"async\" src=\"\/\/century21franchise.ca\/files\/2021\/06\/Chairmans-Circle-1024x804-1.jpg\" alt=\"Chairman&#039;s Circle CENTURY 21\" title=\"Chairmans-Circle-1024x804\" itemprop=\"image\"\/>\n\t\t\t<!-- END .front -->\n\t\t\t\t\t\t\t\t\t\t<h3>LE CERCLE DU PR\u00c9SIDENT C21<\/h3>\n\t\t\t\t\t\t<p>Nous invitons les 50\u00a0meilleures entreprises \u00e0 l&#8217;\u00e9v\u00e9nement annuel le Cercle du pr\u00e9sident. Cette rencontre permet aux propri\u00e9taires d&#8217;apprendre des experts de l&#8217;industrie dans un cadre plus intime qui offre des occasions de r\u00e9seautage et d&#8217;\u00e9change de pratiques exemplaires.<\/p>\t\t\t\t\t\n\t\t\t<!-- END .back -->\n\t\t <!-- ifb-flip-box -->\n\t <!-- flip-box -->\n\t\t\t\t<img decoding=\"async\" src=\"https:\/\/www.c21.ca\/files\/2021\/06\/02e_events_grid-of-8_5-of-8-1.jpeg\" alt=\"\" title=\"\" itemprop=\"image\"\/>\n\t\t\t<!-- END .front -->\n\t\t\t\t\t\t\t\t\t\t<h3>ONEC21<\/h3>\n\t\t\t\t\t\t<p>Notre congr\u00e8s national, OneC21, propose d&#8217;excellentes occasions de r\u00e9seautage pour les membres du R\u00e9seau canadien. Le congr\u00e8s met l&#8217;accent sur les nouvelles technologies, le mat\u00e9riel promotionnel et les tendances du secteur immobilier.<\/p>\t\t\t\t\t\n\t\t\t<!-- END .back -->\n\t\t <!-- ifb-flip-box -->\n\t <!-- flip-box -->\n\t\t\t<a href=\"https:\/\/franchisesales.c21.ca\/fr-ca\/partenariats-strategiques\" target=\"_self\" role=\"button\" rel=\"noopener\">\n\t\t\t\t\t\t\tSUIVANT : PARTENAIRES STRAT\u00c9GIQUES\n\t\t\t\t\t<\/a>\n<h2>\n\t\tPOURQUOI CHOISIR C21?\n\t<\/h2>\n<h2>\n\t\tJoignez-vous \u00e0\n\t<\/h2>\n<h2>\n\t\tnous et visez l&#8217;or.\n\t<\/h2>\n\t<h3>Communiquez avec l&#8217;un de nos repr\u00e9sentants du service aux franchises aujourd&#8217;hui.<\/h3>\n\t\t\t<a href=\"https:\/\/franchisesales.c21.ca\/fr-ca\/parlons-en\" target=\"_self\" role=\"button\" rel=\"noopener\">\n\t\t\t\t\t\t\tCOMMENCER\n\t\t\t\t\t<\/a>\n<h2>\n\t\tJoignez-vous \u00e0 nous et visez l&#8217;or.\n\t<\/h2>\n\t<h3>Communiquez avec l&#8217;un de nos repr\u00e9sentants du service aux franchises aujourd&#8217;hui.<\/h3>\n\t\t\t<a href=\"http:\/\/franchisesales.c21.ca\/letstalk\" target=\"_self\" role=\"button\" rel=\"noopener\">\n\t\t\t\t\t\t\tCOMMENCER\n\t\t\t\t\t<\/a>\n\n","protected":false},"excerpt":{"rendered":"<p>\u00c9V\u00c9NEMENTS ET R\u00c9SEAUTAGE DANS L&#8217;INDUSTRIE Restez branch\u00e9s, faites du r\u00e9seautage et apprenez des experts de l&#8217;industrie Connexions C21 Que se passe-t-il lorsque vous r\u00e9unissez la cr\u00e8me de la cr\u00e8me du monde entier? Des choses exceptionnelles! CANADIAN MANAGEMENT ACADEMY Une s\u00e9ance de formation intense d&#8217;une semaine qui fournit aux nouveaux courtiers, propri\u00e9taires et dirigeants les outils [&hellip;]<\/p>\n","protected":false},"author":2,"featured_media":0,"parent":0,"menu_order":0,"comment_status":"closed","ping_status":"closed","template":"","meta":{"footnotes":""},"class_list":["post-617","page","type-page","status-publish","hentry"],"_links":{"self":[{"href":"http:\/\/century21franchise.ca\/fr-ca\/wp-json\/wp\/v2\/pages\/617","targetHints":{"allow":["GET"]}}],"collection":[{"href":"http:\/\/century21franchise.ca\/fr-ca\/wp-json\/wp\/v2\/pages"}],"about":[{"href":"http:\/\/century21franchise.ca\/fr-ca\/wp-json\/wp\/v2\/types\/page"}],"author":[{"embeddable":true,"href":"http:\/\/century21franchise.ca\/fr-ca\/wp-json\/wp\/v2\/users\/2"}],"replies":[{"embeddable":true,"href":"http:\/\/century21franchise.ca\/fr-ca\/wp-json\/wp\/v2\/comments?post=617"}],"version-history":[{"count":9,"href":"http:\/\/century21franchise.ca\/fr-ca\/wp-json\/wp\/v2\/pages\/617\/revisions"}],"predecessor-version":[{"id":883,"href":"http:\/\/century21franchise.ca\/fr-ca\/wp-json\/wp\/v2\/pages\/617\/revisions\/883"}],"wp:attachment":[{"href":"http:\/\/century21franchise.ca\/fr-ca\/wp-json\/wp\/v2\/media?parent=617"}],"curies":[{"name":"wp","href":"https:\/\/api.w.org\/{rel}","templated":true}]}}