{"id":624,"date":"2021-06-15T10:01:02","date_gmt":"2021-06-15T17:01:02","guid":{"rendered":"https:\/\/franchisesales.c21.ca\/our-people"},"modified":"2023-04-26T13:57:07","modified_gmt":"2023-04-26T20:57:07","slug":"nos-gens","status":"publish","type":"page","link":"http:\/\/century21franchise.ca\/fr-ca\/nos-gens","title":{"rendered":"Nos gens"},"content":{"rendered":"\n\n\tComment<br \/>\nattirons-nous<br \/>\nla cr\u00e8me de la cr\u00e8me de l&#8217;industrie?\n\t<p>Nous sommes d\u00e9termin\u00e9s \u00e0 favoriser la r\u00e9ussite de nos courtiers immobiliers.<\/p>\n<h2>\n\t\tSans nous vanter, mais&#8230;\n\t<\/h2>\n\t<p>nous avons des membres remarquables d&#8217;un oc\u00e9an \u00e0 l&#8217;autre<\/p>\n\t\t\t\t\t\t\t\t\t\t\t<img decoding=\"async\" src=\"https:\/\/www.c21.ca\/files\/2021\/06\/04_Its-our-people_Grif-of-6_1-of-6-1024x631-1.jpeg\" alt=\"\"\/>\n\t\t\t\t\t<p><strong>Course Mud Girl C21<\/strong> <br \/>Toronto (Ontario)<\/p>\u00a0\t\t\t\t\t\n\t\t\t\t\t\t\t\t\t\t\t<img decoding=\"async\" src=\"https:\/\/www.c21.ca\/files\/2021\/06\/04_Its-our-people_Grif-of-6_5-of-6.jpeg\" alt=\"\"\/>\n\t\t\t\t\t<p><strong>Journ\u00e9e chocolat chaud pour les enfants<\/strong> <br \/>Vancouver (Colombie-Britannique)<\/p>\t\t\t\t\t\n\t\t\t\t\t\t\t\t\t\t\t<img decoding=\"async\" src=\"https:\/\/www.c21.ca\/files\/2021\/06\/04_Its-our-people_Grif-of-6_3-of-6-1024x606-1-e1623709599572.jpeg\" alt=\"\"\/>\n\t\t\t\t\t<p><strong>\u00c9v\u00e9nement de collecte de fonds pour les Timbres de P\u00e2ques<\/strong> CENTURY\u00a021 Fusion, Saskatoon (Saskatchewan)<\/p>\u00a0\t\t\t\t\t\n\t\t\t\t\t\t\t\t\t\t\t<img decoding=\"async\" src=\"https:\/\/www.c21.ca\/files\/2021\/06\/04_Its-our-people_Grif-of-6_6-of-6-e1623709717251.jpeg\" alt=\"\"\/>\n\t\t\t\t\t<p><strong>Zone de chute pour les Timbres de P\u00e2ques<\/strong> <br \/>Vancouver (Colombie-Britannique)<\/p>\t\t\t\t\t\n\t\t\t\t\t\t\t\t\t\t\t<img decoding=\"async\" src=\"https:\/\/www.c21.ca\/files\/2021\/06\/Stephen-Rill-1-1024x809-1.jpeg\" alt=\"\"\/>\n\t\t\t\t\t<p><strong>Conf\u00e9rence nationale OneC21 <\/strong><br \/>Winnipeg (Manitoba)<\/p>\u00a0\t\t\t\t\t\n\t\t\t\t\t\t\t\t\t\t\t<img decoding=\"async\" src=\"https:\/\/www.c21.ca\/files\/2021\/06\/Janet-Marshall-1.jpeg\" alt=\"\"\/>\n\t\t\t\t\t<p><strong>Party au congr\u00e8s\u00a0OneC21<\/strong> <br \/>Winnipeg (Manitoba)<\/p>\u00a0\t\t\t\t\t\n\t\t\t\t<img decoding=\"async\" src=\"https:\/\/www.c21.ca\/files\/2021\/06\/easterseals_logo_bilingual-300x297-1.png\" alt=\"\" itemprop=\"image\" onerror=\"this.style.display='none'\"  \/>\n<h2>\n\t\tC21 DANS LA COLLECTIVIT\u00c9\n\t<\/h2>\n\t<p>Nos membres sont fiers d&#8217;appuyer les Timbres de P\u00e2ques Canada.<\/p>\n<p>Depuis 1979, CENTURY 21 Canada a recueilli plus de <strong>14,3<\/strong>\u00a0millions de dollars \u00e0 l&#8217;appui des organisations locales des Timbres de P\u00e2ques. Gr\u00e2ce \u00e0 ces efforts, des milliers d&#8217;enfants handicap\u00e9s aux quatre coins du pays ont pu vivre des exp\u00e9riences de camp de vacances transformatrices et accessibles. Les camps de vacances des Timbres de P\u00e2ques ont le pouvoir de fa\u00e7onner la vie des enfants et de leur permettre de d\u00e9couvrir leurs v\u00e9ritables capacit\u00e9s.<\/p>\n\t\t\t\t<img decoding=\"async\" src=\"https:\/\/www.c21.ca\/files\/2021\/06\/Testimonial-_Sweta.png\" alt=\"Testimonial-_Sweta\" itemprop=\"image\" height=\"1281\" width=\"1243\" title=\"Testimonial-_Sweta\" onerror=\"this.style.display='none'\"  \/>\n\t<p>\u00ab\u2009Century 21 jouit d&#8217;une culture ax\u00e9e sur la convivialit\u00e9, l&#8217;optimisme et la solidarit\u00e9. Lorsque les employ\u00e9s sont contents au sein d&#8217;une entreprise, cela se voit dans leurs \u00e9changes avec les clients. Si les clients sont contents, plus de monde est attir\u00e9 envers notre marque.\u2009\u00bb<\/p>\n\t<p>Sweta Srivstava | Dirigeante<\/p>\n\t<p>CENTURY\u00a021 People&#8217;s Choice Realty Inc, Toronto (Ontario)<\/p>\n<h2>\n\t\tNous sommes l\u00e0 pour vous aider\n\t<\/h2>\n\t<p>Nous avons une \u00e9quipe de direction du tonnerre qui vous accompagnera \u00e0 chaque \u00e9tape de votre cheminement. Nos repr\u00e9sentants du service aux franchises sont situ\u00e9s aux quatre coins du pays pour vous soutenir, o\u00f9 que vous soyez.<\/p>\n\t\t\t<a href=\"https:\/\/franchisesales.c21.ca\/fr-ca\/faites-la-connaissance-de-lequipe\" target=\"_self\" role=\"button\" rel=\"noopener\">\n\t\t\t\t\t\t\tFAITES LA CONNAISSANCE DE L&#8217;\u00c9QUIPE\n\t\t\t\t\t<\/a>\n<h2>\n\t\tPOURQUOI CHOISIR C21?\n\t<\/h2>\n<h2>\n\t\tJoignez-vous \u00e0\n\t<\/h2>\n<h2>\n\t\tnous et visez l&#8217;or.\n\t<\/h2>\n\t<h3>Communiquez avec l&#8217;un de nos repr\u00e9sentants du service aux franchises aujourd&#8217;hui.<\/h3>\n\t\t\t<a href=\"https:\/\/franchisesales.c21.ca\/fr-ca\/parlons-en\" target=\"_self\" role=\"button\" rel=\"noopener\">\n\t\t\t\t\t\t\tCOMMENCER\n\t\t\t\t\t<\/a>\n<h2>\n\t\tJoignez-vous \u00e0 nous et visez l&#8217;or.\n\t<\/h2>\n\t<h3>Communiquez avec l&#8217;un de nos repr\u00e9sentants du service aux franchises aujourd&#8217;hui.<\/h3>\n\t\t\t<a href=\"http:\/\/franchisesales.c21.ca\/letstalk\" target=\"_self\" role=\"button\" rel=\"noopener\">\n\t\t\t\t\t\t\tCOMMENCER\n\t\t\t\t\t<\/a>\n\n","protected":false},"excerpt":{"rendered":"<p>Comment attirons-nous la cr\u00e8me de la cr\u00e8me de l&#8217;industrie? Nous sommes d\u00e9termin\u00e9s \u00e0 favoriser la r\u00e9ussite de nos courtiers immobiliers. Sans nous vanter, mais&#8230; nous avons des membres remarquables d&#8217;un oc\u00e9an \u00e0 l&#8217;autre Course Mud Girl C21 Toronto (Ontario) \u00a0 Journ\u00e9e chocolat chaud pour les enfants Vancouver (Colombie-Britannique) \u00c9v\u00e9nement de collecte de fonds pour les [&hellip;]<\/p>\n","protected":false},"author":2,"featured_media":0,"parent":0,"menu_order":0,"comment_status":"closed","ping_status":"closed","template":"","meta":{"footnotes":""},"class_list":["post-624","page","type-page","status-publish","hentry"],"_links":{"self":[{"href":"http:\/\/century21franchise.ca\/fr-ca\/wp-json\/wp\/v2\/pages\/624","targetHints":{"allow":["GET"]}}],"collection":[{"href":"http:\/\/century21franchise.ca\/fr-ca\/wp-json\/wp\/v2\/pages"}],"about":[{"href":"http:\/\/century21franchise.ca\/fr-ca\/wp-json\/wp\/v2\/types\/page"}],"author":[{"embeddable":true,"href":"http:\/\/century21franchise.ca\/fr-ca\/wp-json\/wp\/v2\/users\/2"}],"replies":[{"embeddable":true,"href":"http:\/\/century21franchise.ca\/fr-ca\/wp-json\/wp\/v2\/comments?post=624"}],"version-history":[{"count":8,"href":"http:\/\/century21franchise.ca\/fr-ca\/wp-json\/wp\/v2\/pages\/624\/revisions"}],"predecessor-version":[{"id":915,"href":"http:\/\/century21franchise.ca\/fr-ca\/wp-json\/wp\/v2\/pages\/624\/revisions\/915"}],"wp:attachment":[{"href":"http:\/\/century21franchise.ca\/fr-ca\/wp-json\/wp\/v2\/media?parent=624"}],"curies":[{"name":"wp","href":"https:\/\/api.w.org\/{rel}","templated":true}]}}