{"id":646,"date":"2022-04-22T11:13:14","date_gmt":"2022-04-22T18:13:14","guid":{"rendered":"https:\/\/franchisesales.c21.ca\/pourquoi-choisir-c21\/business-development-copy"},"modified":"2022-05-23T12:55:04","modified_gmt":"2022-05-23T19:55:04","slug":"developpement-dentreprise-2","status":"publish","type":"page","link":"http:\/\/century21franchise.ca\/fr-ca\/pourquoi-choisir-c21\/developpement-dentreprise-2","title":{"rendered":"D\u00e9veloppement d\u2019entreprise"},"content":{"rendered":"\n<h1>\n\t\tD\u00e9veloppement d&#8217;entreprise\n\t<\/h1>\n\tNous avons tous les outils dont vous<br \/>\navez besoin pour r\u00e9ussir.\n<h2>\n\t<\/h2>\n<h1>\n\t\tD\u00e9veloppement d&#8217;entreprise\n\t<\/h1>\n\t<p>Nous avons tous les outils dont vous avez besoin pour r\u00e9ussir.<\/p>\n<h2>\n\t\tLe succ\u00e8s engendre le succ\u00e8s\n\t<\/h2>\n\t<p>Nous savons qu&#8217;il s&#8217;agit d&#8217;un changement important, mais pas de souci, vous n&#8217;\u00eates pas seul! Nous sommes l\u00e0 pour vous guider \u00e0 chaque \u00e9tape du processus.\u00a0Nous offrons la formation, le soutien et le perfectionnement pour vous aider \u00e0 augmenter votre chiffre d&#8217;affaires.<\/p>\n<h2>\n\t\tCanadian Management Academy\n\t<\/h2>\n\t<p>Les nouveaux franchis\u00e9s participent \u00e0 la Canadian Management Academy (CMA), un programme de formation intensif de 5\u00a0jours.\u00a0Vous y d\u00e9couvrirez comment d\u00e9velopper et maintenir une entreprise \u00e0 succ\u00e8s d\u00e8s le premier jour.<\/p>\n<h2>\n\t\tPlanification des affaires\n\t<\/h2>\n<p>D\u00e9couvrez comment d\u00e9velopper et ex\u00e9cuter avec succ\u00e8s un plan d&#8217;affaires qui augmentera votre rendement, gr\u00e2ce \u00e0 notre programme de planification d&#8217;affaires\u00a0C21.<\/p>\n<h2>\n\t\tSoutien au recrutement\n\t<\/h2>\n\t<p>CENTURY 21 vous fournit tout ce dont vous avez besoin pour attirer et retenir davantage de courtiers immobiliers.<\/p>\n<h2>\n\t\tSoutien au recrutement\n\t<\/h2>\n\t<p>CENTURY 21 vous fournit tout ce dont vous avez besoin pour attirer et retenir davantage de courtiers immobiliers.<\/p>\n<h2>\n\t\tExpansion de la marque\n\t<\/h2>\n<p>\u00c9largissez et transformez vos activit\u00e9s \u00e0 l&#8217;aide des d\u00e9signations sp\u00e9ciales\u00a0: Propri\u00e9t\u00e9s de prestige\u00a0C21<sup>MD<\/sup> et C21\u00a0Commercial<sup>MD<\/sup>.<\/p>\n\t\t\t\t<img decoding=\"async\" src=\"https:\/\/www.c21.ca\/files\/2021\/06\/Testimonial-_Vanessa-994x1024-1.png\" alt=\"Testimonial Vanessa Oak Hogan | Owner CENTURY 21 United Realty Inc. | Peterborough, ON\" itemprop=\"image\" height=\"1024\" width=\"994\" title=\"Testimonial-_Vanessa-994x1024\" onerror=\"this.style.display='none'\"  \/>\n\t<p>\u00ab\u2009La Canadian Management Academy m&#8217;a offert l&#8217;occasion de commencer du bon pied. J&#8217;ai appris comment d\u00e9velopper un plan de recrutement pour mieux cerner mes efforts de recrutement dans le but d&#8217;augmenter mon chiffre d&#8217;affaires.\u2009\u00bb<\/p>\n\t<h3>Vanessa Oak Hogan | Propri\u00e9taire<\/h3>\n\t<h4>CENTURY 21 United Realty Inc. | Peterborough (Ontario)<\/h4>\n\t\t\t<a href=\"https:\/\/franchisesales.c21.ca\/fr-ca\/technologie\" target=\"_self\" role=\"button\" rel=\"noopener\">\n\t\t\t\t\t\t\tSUIVANT : TECHNOLOGIE\n\t\t\t\t\t<\/a>\n<h2>\n\t\tPOURQUOI CHOISIR C21?\n\t<\/h2>\n<h2>\n\t\tJoignez-vous \u00e0\n\t<\/h2>\n<h2>\n\t\tnous et visez l&#8217;or.\n\t<\/h2>\n\t<h3>Communiquez avec l&#8217;un de nos repr\u00e9sentants du service aux franchises aujourd&#8217;hui.<\/h3>\n\t\t\t<a href=\"https:\/\/franchisesales.c21.ca\/fr-ca\/parlons-en\" target=\"_self\" role=\"button\" rel=\"noopener\">\n\t\t\t\t\t\t\tCOMMENCER\n\t\t\t\t\t<\/a>\n<h2>\n\t\tJoignez-vous \u00e0 nous et visez l&#8217;or.\n\t<\/h2>\n\t<h3>Communiquez avec l&#8217;un de nos repr\u00e9sentants du service aux franchises aujourd&#8217;hui.<\/h3>\n\t\t\t<a href=\"http:\/\/franchisesales.c21.ca\/letstalk\" target=\"_self\" role=\"button\" rel=\"noopener\">\n\t\t\t\t\t\t\tCOMMENCER\n\t\t\t\t\t<\/a>\n\n","protected":false},"excerpt":{"rendered":"<p>D\u00e9veloppement d&#8217;entreprise Nous avons tous les outils dont vous avez besoin pour r\u00e9ussir. D\u00e9veloppement d&#8217;entreprise Nous avons tous les outils dont vous avez besoin pour r\u00e9ussir. Le succ\u00e8s engendre le succ\u00e8s Nous savons qu&#8217;il s&#8217;agit d&#8217;un changement important, mais pas de souci, vous n&#8217;\u00eates pas seul! Nous sommes l\u00e0 pour vous guider \u00e0 chaque \u00e9tape [&hellip;]<\/p>\n","protected":false},"author":77,"featured_media":0,"parent":569,"menu_order":0,"comment_status":"closed","ping_status":"closed","template":"","meta":{"footnotes":""},"class_list":["post-646","page","type-page","status-publish","hentry"],"_links":{"self":[{"href":"http:\/\/century21franchise.ca\/fr-ca\/wp-json\/wp\/v2\/pages\/646","targetHints":{"allow":["GET"]}}],"collection":[{"href":"http:\/\/century21franchise.ca\/fr-ca\/wp-json\/wp\/v2\/pages"}],"about":[{"href":"http:\/\/century21franchise.ca\/fr-ca\/wp-json\/wp\/v2\/types\/page"}],"author":[{"embeddable":true,"href":"http:\/\/century21franchise.ca\/fr-ca\/wp-json\/wp\/v2\/users\/77"}],"replies":[{"embeddable":true,"href":"http:\/\/century21franchise.ca\/fr-ca\/wp-json\/wp\/v2\/comments?post=646"}],"version-history":[{"count":6,"href":"http:\/\/century21franchise.ca\/fr-ca\/wp-json\/wp\/v2\/pages\/646\/revisions"}],"predecessor-version":[{"id":710,"href":"http:\/\/century21franchise.ca\/fr-ca\/wp-json\/wp\/v2\/pages\/646\/revisions\/710"}],"up":[{"embeddable":true,"href":"http:\/\/century21franchise.ca\/fr-ca\/wp-json\/wp\/v2\/pages\/569"}],"wp:attachment":[{"href":"http:\/\/century21franchise.ca\/fr-ca\/wp-json\/wp\/v2\/media?parent=646"}],"curies":[{"name":"wp","href":"https:\/\/api.w.org\/{rel}","templated":true}]}}