{"id":8,"date":"2020-12-07T00:15:22","date_gmt":"2020-12-07T00:15:22","guid":{"rendered":"https:\/\/canoe.moxiworks.com\/franchisesales\/get-advice-selling"},"modified":"2022-11-30T16:52:34","modified_gmt":"2022-12-01T00:52:34","slug":"formation-coaching","status":"publish","type":"page","link":"http:\/\/century21franchise.ca\/fr-ca\/formation-coaching","title":{"rendered":"Formation, coaching et soutien"},"content":{"rendered":"\n<h1>\n\t\tFORMATION, COACHING ET SOUTIEN\n\t<\/h1>\n\tNous offrons une formation sup\u00e9rieure<br \/>\nqui permet \u00e0 nos gens de se surpasser.\n<h2>\n\t\t\u00c0 la conqu\u00eate de la formation\n\t<\/h2>\n\t\t\t\t<img decoding=\"async\" src=\"https:\/\/www.c21.ca\/files\/2021\/06\/c21training_concierge-1.jpeg\" alt=\"C21 Concierge Program\" itemprop=\"image\" height=\"360\" width=\"388\" title=\"c21training_concierge-1\" onerror=\"this.style.display='none'\"  \/>\n<h2>\n\t\tC21 Concierge ProgramMD\n\t<\/h2>\n\t<p>Ce programme permet \u00e0 un repr\u00e9sentant de votre agence d&#8217;apprendre comment former vos courtiers immobiliers pour que ces derniers optimisent les ressources de C21 dans le cadre de leurs activit\u00e9s.<\/p>\n\t\t\t\t<img decoding=\"async\" src=\"https:\/\/century21franchise.ca\/files\/2022\/03\/Screen-Shot-2022-03-25-at-1.48.29-PM.png\" alt=\"Screen Shot 2022-03-25 at 1.48.29 PM\" itemprop=\"image\" height=\"844\" width=\"1424\" title=\"Screen Shot 2022-03-25 at 1.48.29 PM\" onerror=\"this.style.display='none'\"  \/>\n<h2>\n\t\tC21 UniversityMD\n\t<\/h2>\n\t<p>Des centaines de vid\u00e9os sur demande et du contenu d&#8217;apprentissage exhaustif vous permettent de profiter de perfectionnement adapt\u00e9 \u00e0 vos besoins professionnels. Vous pouvez trouver les r\u00e9ponses \u00e0 toutes vos questions \u00e0 C21 University<sup>MD<\/sup>.<\/p>\n<h2>\n\t\tCAMPUS 21 TV\n\t<\/h2>\n\t<p>Programme exclusivement r\u00e9serv\u00e9 aux membres de C21, Campus\u00a021\u00a0TV propose des centaines de vid\u00e9os de formation qui vous aident \u00e0 tirer parti des outils et des technologies C21 pour accro\u00eetre votre chiffre d&#8217;affaires.<\/p>\n<h2>\n\t\tC21 Coaching AcademyMD\n\t<\/h2>\n\t<p>Vous serez form\u00e9s par les meilleurs coaches de l&#8217;industrie! Nous collaborons avec des coaches comme Kathleen Black, Rob Vivian, Chris Leader et Doug Thompson, entre autres, afin d&#8217;offrir de la formation sur le recrutement, la productivit\u00e9 et le perfectionnement professionnel.<\/p>\n\t\t\t\t<img decoding=\"async\" src=\"https:\/\/www.c21.ca\/files\/2021\/06\/02a_whyc21_training-e1540854315992-945x1024-1.png\" alt=\"\" itemprop=\"image\" onerror=\"this.style.display='none'\"  \/>\n<h2>\n\t\tRecruit21\n\t<\/h2>\n\t<p>Une formation sur demande offrant des sc\u00e9narios et des strat\u00e9gies qui vous donneront confiance pour recruter de nouveaux courtiers immobiliers.<\/p>\n\t\t\t\t<img decoding=\"async\" src=\"https:\/\/century21franchise.ca\/files\/2022\/11\/create21_FR.jpg\" alt=\"create21_FR\" itemprop=\"image\" height=\"576\" width=\"786\" title=\"create21_FR\" onerror=\"this.style.display='none'\"  \/>\n<h2>\n\t\tCreate21MD\n\t<\/h2>\n\t<p>Une formation gratuite de la vente et de l&#8217;immobilier accompagn\u00e9e de vid\u00e9os et de ressources d\u00e9taill\u00e9es.<\/p>\n\t\t\t\t<img decoding=\"async\" src=\"https:\/\/www.c21.ca\/files\/2021\/06\/c21training_concierge-1.jpeg\" alt=\"C21 Concierge Program\" itemprop=\"image\" height=\"360\" width=\"388\" title=\"c21training_concierge-1\" onerror=\"this.style.display='none'\"  \/>\n<h2>\n\t\tC21 Concierge ProgramMD\n\t<\/h2>\n\t<p>Ce programme permet \u00e0 un repr\u00e9sentant de votre agence d&#8217;apprendre comment former vos courtiers immobiliers pour que ces derniers optimisent les ressources de C21 dans le cadre de leurs activit\u00e9s.<\/p>\n\t\t\t\t<img decoding=\"async\" src=\"https:\/\/century21franchise.ca\/files\/2022\/03\/Screen-Shot-2022-03-25-at-1.48.29-PM.png\" alt=\"Screen Shot 2022-03-25 at 1.48.29 PM\" itemprop=\"image\" height=\"844\" width=\"1424\" title=\"Screen Shot 2022-03-25 at 1.48.29 PM\" onerror=\"this.style.display='none'\"  \/>\n<h2>\n\t\tC21 UniversityMD\n\t<\/h2>\n\t<p>Des centaines de vid\u00e9os sur demande et du contenu d&#8217;apprentissage exhaustif vous permettent de profiter de perfectionnement adapt\u00e9 \u00e0 vos besoins professionnels. Vous pouvez trouver les r\u00e9ponses \u00e0 toutes vos questions \u00e0 C21 University<sup>MD<\/sup>.<\/p>\n<h2>\n\t\tCampus 21 TV\n\t<\/h2>\n\t<p>Programme exclusivement r\u00e9serv\u00e9 aux membres de C21, Campus\u00a021\u00a0TV propose des centaines de vid\u00e9os de formation qui vous aident \u00e0 tirer parti des outils et des technologies C21 pour accro\u00eetre votre chiffre d&#8217;affaires.<\/p>\n<h2>\n\t\tC21 Coaching AcademyMD\n\t<\/h2>\n\t<p>Vous serez form\u00e9s par les meilleurs coaches de l&#8217;industrie! Nous collaborons avec des coaches comme Kathleen Black, Rob Vivian, Chris Leader et Doug Thompson, entre autres, afin d&#8217;offrir de la formation sur le recrutement, la productivit\u00e9 et le perfectionnement professionnel.<\/p>\n\t\t\t\t<img decoding=\"async\" src=\"https:\/\/www.c21.ca\/files\/2021\/06\/02a_whyc21_training-e1540854315992-945x1024-1.png\" alt=\"\" itemprop=\"image\" onerror=\"this.style.display='none'\"  \/>\n<h2>\n\t\tRecruit21\n\t<\/h2>\n\t<p>Une formation sur demande offrant des sc\u00e9narios et des strat\u00e9gies qui vous donneront confiance pour recruter de nouveaux courtiers immobiliers.<\/p>\n\t\t\t\t<img decoding=\"async\" src=\"https:\/\/century21franchise.ca\/files\/2022\/11\/create21_FR.jpg\" alt=\"create21_FR\" itemprop=\"image\" height=\"576\" width=\"786\" title=\"create21_FR\" onerror=\"this.style.display='none'\"  \/>\n<h2>\n\t\tCreate21MD\n\t<\/h2>\n\t<p>Une formation gratuite de la vente et de l&#8217;immobilier accompagn\u00e9e de vid\u00e9os et de ressources d\u00e9taill\u00e9es.<\/p>\n\t\t\t\t<img decoding=\"async\" src=\"https:\/\/www.c21.ca\/files\/2021\/06\/Testimonial_Tasis-954x1024-1.png\" alt=\"Testimonial_Tasis-954x1024\" itemprop=\"image\" height=\"1024\" width=\"954\" title=\"Testimonial_Tasis-954x1024\" onerror=\"this.style.display='none'\"  \/>\n\t<p>\u00ab\u2009Souvent, les courtiers immobiliers ne savent pas par o\u00f9 commencer pour trouver de la formation.\u00a0C&#8217;est tr\u00e8s simple.\u00a0Il faut commencer par CENTURY\u00a021<sup>MD<\/sup>.\u00a0 Les programmes de coaching constituent un outil \u00e0 valeur ajout\u00e9e qui attire des courtiers immobiliers \u00e0 notre entreprise.\u00a0 Nous avons augment\u00e9 le nombre de courtiers immobiliers de 74 % au cours des 5 derni\u00e8res ann\u00e9es pour devenir l&#8217;entreprise CENTURY 21 la plus importante du Canada.\u2009\u00bb<\/p>\n\t<h3><strong>Tasis Giannoukakis | Courtier<\/strong><\/h3>\n\t<h3><strong>CENTURY 21 Leading Edge Realty Inc. | Toronto (Ontario)<\/strong><\/h3>\n\t\t\t<a href=\"https:\/\/franchisesales.c21.ca\/fr-ca\/marketing\" target=\"_self\" role=\"button\" rel=\"noopener\">\n\t\t\t\t\t\t\tSUIVANT : MARKETING\n\t\t\t\t\t<\/a>\n<h2>\n\t\tPOURQUOI CHOISIR C21?\n\t<\/h2>\n<h2>\n\t\tJoignez-vous \u00e0\n\t<\/h2>\n<h2>\n\t\tnous et visez l&#8217;or.\n\t<\/h2>\n\t<h3>Communiquez avec l&#8217;un de nos repr\u00e9sentants du service aux franchises aujourd&#8217;hui.<\/h3>\n\t\t\t<a href=\"https:\/\/franchisesales.c21.ca\/fr-ca\/parlons-en\" target=\"_self\" role=\"button\" rel=\"noopener\">\n\t\t\t\t\t\t\tCOMMENCER\n\t\t\t\t\t<\/a>\n<h2>\n\t\tJoignez-vous \u00e0 nous et visez l&#8217;or.\n\t<\/h2>\n\t<h3>Communiquez avec l&#8217;un de nos repr\u00e9sentants du service aux franchises aujourd&#8217;hui.<\/h3>\n\t\t\t<a href=\"http:\/\/franchisesales.c21.ca\/letstalk\" target=\"_self\" role=\"button\" rel=\"noopener\">\n\t\t\t\t\t\t\tCOMMENCER\n\t\t\t\t\t<\/a>\n\n","protected":false},"excerpt":{"rendered":"<p>FORMATION, COACHING ET SOUTIEN Nous offrons une formation sup\u00e9rieure qui permet \u00e0 nos gens de se surpasser. \u00c0 la conqu\u00eate de la formation C21 Concierge ProgramMD Ce programme permet \u00e0 un repr\u00e9sentant de votre agence d&#8217;apprendre comment former vos courtiers immobiliers pour que ces derniers optimisent les ressources de C21 dans le cadre de leurs [&hellip;]<\/p>\n","protected":false},"author":2,"featured_media":1856,"parent":0,"menu_order":0,"comment_status":"closed","ping_status":"closed","template":"","meta":{"footnotes":""},"class_list":["post-8","page","type-page","status-publish","has-post-thumbnail","hentry"],"_links":{"self":[{"href":"http:\/\/century21franchise.ca\/fr-ca\/wp-json\/wp\/v2\/pages\/8","targetHints":{"allow":["GET"]}}],"collection":[{"href":"http:\/\/century21franchise.ca\/fr-ca\/wp-json\/wp\/v2\/pages"}],"about":[{"href":"http:\/\/century21franchise.ca\/fr-ca\/wp-json\/wp\/v2\/types\/page"}],"author":[{"embeddable":true,"href":"http:\/\/century21franchise.ca\/fr-ca\/wp-json\/wp\/v2\/users\/2"}],"replies":[{"embeddable":true,"href":"http:\/\/century21franchise.ca\/fr-ca\/wp-json\/wp\/v2\/comments?post=8"}],"version-history":[{"count":10,"href":"http:\/\/century21franchise.ca\/fr-ca\/wp-json\/wp\/v2\/pages\/8\/revisions"}],"predecessor-version":[{"id":872,"href":"http:\/\/century21franchise.ca\/fr-ca\/wp-json\/wp\/v2\/pages\/8\/revisions\/872"}],"wp:featuredmedia":[{"embeddable":true,"href":"http:\/\/century21franchise.ca\/fr-ca\/wp-json\/"}],"wp:attachment":[{"href":"http:\/\/century21franchise.ca\/fr-ca\/wp-json\/wp\/v2\/media?parent=8"}],"curies":[{"name":"wp","href":"https:\/\/api.w.org\/{rel}","templated":true}]}}